{"id":10,"date":"2024-01-24T15:17:58","date_gmt":"2024-01-24T18:17:58","guid":{"rendered":"https:\/\/empresariopro.com.ar\/?page_id=10"},"modified":"2026-02-25T12:16:31","modified_gmt":"2026-02-25T15:16:31","slug":"consulta-privada","status":"publish","type":"page","link":"https:\/\/empresariopro.com.ar\/consulta-privada\/","title":{"rendered":"Consulta Privada Profesional"},"content":{"rendered":"\t\t<div data-elementor-type=\"wp-post\" data-elementor-id=\"10\" class=\"elementor elementor-10\">\n\t\t\t\t<div class=\"elementor-element elementor-element-b3544f4 e-flex e-con-boxed e-con e-parent\" data-id=\"b3544f4\" data-element_type=\"container\">\n\t\t\t\t\t<div class=\"e-con-inner\">\n\t\t\t\t<div class=\"elementor-element elementor-element-5fb7949 elementor-widget elementor-widget-heading\" data-id=\"5fb7949\" data-element_type=\"widget\" data-widget_type=\"heading.default\">\n\t\t\t\t<div class=\"elementor-widget-container\">\n\t\t\t<style>\/*! elementor - v3.21.0 - 26-05-2024 *\/\n.elementor-heading-title{padding:0;margin:0;line-height:1}.elementor-widget-heading .elementor-heading-title[class*=elementor-size-]>a{color:inherit;font-size:inherit;line-height:inherit}.elementor-widget-heading .elementor-heading-title.elementor-size-small{font-size:15px}.elementor-widget-heading .elementor-heading-title.elementor-size-medium{font-size:19px}.elementor-widget-heading .elementor-heading-title.elementor-size-large{font-size:29px}.elementor-widget-heading .elementor-heading-title.elementor-size-xl{font-size:39px}.elementor-widget-heading .elementor-heading-title.elementor-size-xxl{font-size:59px}<\/style><h2 class=\"elementor-heading-title elementor-size-default\">Si quieres volver a moverte con confianza y sin limitaciones, este es tu primer paso.<\/h2>\t\t<\/div>\n\t\t\t\t<\/div>\n\t\t\t\t\t<\/div>\n\t\t\t\t<\/div>\n\t\t<div class=\"elementor-element elementor-element-aa007a2 e-flex e-con-boxed e-con e-parent\" data-id=\"aa007a2\" data-element_type=\"container\">\n\t\t\t\t\t<div class=\"e-con-inner\">\n\t\t<div class=\"elementor-element elementor-element-ed96d39 e-flex e-con-boxed e-con e-child\" data-id=\"ed96d39\" data-element_type=\"container\">\n\t\t\t\t\t<div class=\"e-con-inner\">\n\t\t\t\t<div class=\"elementor-element elementor-element-99f868b elementor-widget elementor-widget-video\" data-id=\"99f868b\" data-element_type=\"widget\" data-settings=\"{&quot;youtube_url&quot;:&quot;https:\\\/\\\/youtu.be\\\/Oa402tqb2X0&quot;,&quot;video_type&quot;:&quot;youtube&quot;}\" data-widget_type=\"video.default\">\n\t\t\t\t<div class=\"elementor-widget-container\">\n\t\t\t<style>\/*! elementor - v3.21.0 - 26-05-2024 *\/\n.elementor-widget-video .elementor-widget-container{overflow:hidden;transform:translateZ(0)}.elementor-widget-video .elementor-wrapper{aspect-ratio:var(--video-aspect-ratio)}.elementor-widget-video .elementor-wrapper iframe,.elementor-widget-video .elementor-wrapper video{height:100%;width:100%;display:flex;border:none;background-color:#000}@supports not (aspect-ratio:1\/1){.elementor-widget-video .elementor-wrapper{position:relative;overflow:hidden;height:0;padding-bottom:calc(100% \/ var(--video-aspect-ratio))}.elementor-widget-video .elementor-wrapper iframe,.elementor-widget-video .elementor-wrapper video{position:absolute;top:0;right:0;bottom:0;left:0}}.elementor-widget-video .elementor-open-inline .elementor-custom-embed-image-overlay{position:absolute;top:0;right:0;bottom:0;left:0;background-size:cover;background-position:50%}.elementor-widget-video .elementor-custom-embed-image-overlay{cursor:pointer;text-align:center}.elementor-widget-video .elementor-custom-embed-image-overlay:hover .elementor-custom-embed-play i{opacity:1}.elementor-widget-video .elementor-custom-embed-image-overlay img{display:block;width:100%;aspect-ratio:var(--video-aspect-ratio);-o-object-fit:cover;object-fit:cover;-o-object-position:center center;object-position:center center}@supports not (aspect-ratio:1\/1){.elementor-widget-video .elementor-custom-embed-image-overlay{position:relative;overflow:hidden;height:0;padding-bottom:calc(100% \/ var(--video-aspect-ratio))}.elementor-widget-video .elementor-custom-embed-image-overlay img{position:absolute;top:0;right:0;bottom:0;left:0}}.elementor-widget-video .e-hosted-video .elementor-video{-o-object-fit:cover;object-fit:cover}.e-con-inner>.elementor-widget-video,.e-con>.elementor-widget-video{width:var(--container-widget-width);--flex-grow:var(--container-widget-flex-grow)}<\/style>\t\t<div class=\"elementor-wrapper elementor-open-inline\">\n\t\t\t<div class=\"elementor-video\"><\/div>\t\t<\/div>\n\t\t\t\t<\/div>\n\t\t\t\t<\/div>\n\t\t\t\t\t<\/div>\n\t\t\t\t<\/div>\n\t\t\t\t\t<\/div>\n\t\t\t\t<\/div>\n\t\t<div class=\"elementor-element elementor-element-9fa0c35 e-flex e-con-boxed e-con e-parent\" data-id=\"9fa0c35\" data-element_type=\"container\">\n\t\t\t\t\t<div class=\"e-con-inner\">\n\t\t<div class=\"elementor-element elementor-element-d6e316b e-con-full e-flex e-con e-child\" data-id=\"d6e316b\" data-element_type=\"container\">\n\t\t<div class=\"elementor-element elementor-element-912de37 e-flex e-con-boxed e-con e-child\" data-id=\"912de37\" data-element_type=\"container\">\n\t\t\t\t\t<div class=\"e-con-inner\">\n\t\t\t\t<div class=\"elementor-element elementor-element-5faa581 elementor-widget elementor-widget-text-editor\" data-id=\"5faa581\" data-element_type=\"widget\" data-widget_type=\"text-editor.default\">\n\t\t\t\t<div class=\"elementor-widget-container\">\n\t\t\t<style>\/*! elementor - v3.21.0 - 26-05-2024 *\/\n.elementor-widget-text-editor.elementor-drop-cap-view-stacked .elementor-drop-cap{background-color:#69727d;color:#fff}.elementor-widget-text-editor.elementor-drop-cap-view-framed .elementor-drop-cap{color:#69727d;border:3px solid;background-color:transparent}.elementor-widget-text-editor:not(.elementor-drop-cap-view-default) .elementor-drop-cap{margin-top:8px}.elementor-widget-text-editor:not(.elementor-drop-cap-view-default) .elementor-drop-cap-letter{width:1em;height:1em}.elementor-widget-text-editor .elementor-drop-cap{float:left;text-align:center;line-height:1;font-size:50px}.elementor-widget-text-editor .elementor-drop-cap-letter{display:inline-block}<\/style>\t\t\t\t<p>En esta consulta tendr\u00e1s:<\/p>\n<ul>\n<li>Valoraci\u00f3n profesional de alto nivel (m\u00e1s de 570 personas conf\u00edan en nosotros)<\/li>\n<li>Un plan personalizado paso a paso dise\u00f1ado espec\u00edficamente para ti.<\/li>\n<li>Seguimiento continuo despu\u00e9s de tu primera cita para asegurar tu progreso.<\/li>\n<\/ul>\n<p>Esta es una consulta premium con valor de $1,300 MXN.<\/p>\n<p>Si buscas atenci\u00f3n de calidad y resultados profesionales, este es el servicio indicado.<\/p>\t\t\t\t\t\t<\/div>\n\t\t\t\t<\/div>\n\t\t\t\t\t<\/div>\n\t\t\t\t<\/div>\n\t\t\t\t<\/div>\n\t\t<div class=\"elementor-element elementor-element-7600468 e-con-full e-flex e-con e-child\" data-id=\"7600468\" data-element_type=\"container\">\n\t\t\t\t<div class=\"elementor-element elementor-element-544002f elementor-widget__width-initial elementor-widget elementor-widget-html\" data-id=\"544002f\" data-element_type=\"widget\" id=\"form\" data-widget_type=\"html.default\">\n\t\t\t\t<div class=\"elementor-widget-container\">\n\t\t\t<iframe width=\"540\" height=\"730\" src=\"https:\/\/af6ac412.sibforms.com\/serve\/MUIFALSNduPNgrIg6nwisTeH4SWwTZwbz_-wf4aiWSP4IOLsI1KbAM4Khk8A3k1W0BnX90iaIZMv_gRdlLcZ9fmB38qTkrXvsUiEVLJYdSc5-kLfQz3Vw4kwmcbih1-phR8RVWOP6s0N5QetPuP-wB1gyUEBHxLTPuH-Yy_huzY9ZEhuCJJx3O0QvHecBY58Neatg9UBBv9jPg2p\" frameborder=\"0\" scrolling=\"auto\" allowfullscreen style=\"display: block;margin-left: auto;margin-right: auto;max-width: 100%;\"><\/iframe>\t\t<\/div>\n\t\t\t\t<\/div>\n\t\t\t\t<\/div>\n\t\t\t\t\t<\/div>\n\t\t\t\t<\/div>\n\t\t<div class=\"elementor-element elementor-element-f21fb5a e-flex e-con-boxed e-con e-parent\" data-id=\"f21fb5a\" data-element_type=\"container\" data-settings=\"{&quot;background_background&quot;:&quot;classic&quot;}\">\n\t\t\t\t\t<div class=\"e-con-inner\">\n\t\t<div class=\"elementor-element elementor-element-e8734e7 e-grid e-con-boxed e-con e-child\" data-id=\"e8734e7\" data-element_type=\"container\">\n\t\t\t\t\t<div class=\"e-con-inner\">\n\t\t\t\t<div class=\"elementor-element elementor-element-f5c0685 elementor-widget elementor-widget-testimonial\" data-id=\"f5c0685\" data-element_type=\"widget\" data-widget_type=\"testimonial.default\">\n\t\t\t\t<div class=\"elementor-widget-container\">\n\t\t\t<style>\/*! elementor - v3.21.0 - 26-05-2024 *\/\n.elementor-testimonial-wrapper{overflow:hidden;text-align:center}.elementor-testimonial-wrapper .elementor-testimonial-content{font-size:1.3em;margin-bottom:20px}.elementor-testimonial-wrapper .elementor-testimonial-name{line-height:1.5;display:block}.elementor-testimonial-wrapper .elementor-testimonial-job{font-size:.85em;display:block}.elementor-testimonial-wrapper .elementor-testimonial-meta{width:100%;line-height:1}.elementor-testimonial-wrapper .elementor-testimonial-meta-inner{display:inline-block}.elementor-testimonial-wrapper .elementor-testimonial-meta .elementor-testimonial-details,.elementor-testimonial-wrapper .elementor-testimonial-meta .elementor-testimonial-image{display:table-cell;vertical-align:middle}.elementor-testimonial-wrapper .elementor-testimonial-meta .elementor-testimonial-image img{width:60px;height:60px;border-radius:50%;-o-object-fit:cover;object-fit:cover;max-width:none}.elementor-testimonial-wrapper .elementor-testimonial-meta.elementor-testimonial-image-position-aside .elementor-testimonial-image{padding-inline-end:15px}.elementor-testimonial-wrapper .elementor-testimonial-meta.elementor-testimonial-image-position-aside .elementor-testimonial-details{text-align:start}.elementor-testimonial-wrapper .elementor-testimonial-meta.elementor-testimonial-image-position-top .elementor-testimonial-details,.elementor-testimonial-wrapper .elementor-testimonial-meta.elementor-testimonial-image-position-top .elementor-testimonial-image{display:block}.elementor-testimonial-wrapper .elementor-testimonial-meta.elementor-testimonial-image-position-top .elementor-testimonial-image{margin-bottom:20px}<\/style>\t\t<div class=\"elementor-testimonial-wrapper\">\n\t\t\t\t\t\t\t<div class=\"elementor-testimonial-content\">\"Ir a consulta con el Dr. fue un antes y un despu\u00e9s, me dol\u00eda mi cadera cada que sub\u00eda o bajaba escaleras, no pod\u00eda hacer esfuerzos porque el dolor llegaba r\u00e1pidamente. Ahora cargo cosas pesadas y no me duele para nada\"<\/div>\n\t\t\t\n\t\t\t\t\t\t<div class=\"elementor-testimonial-meta elementor-has-image elementor-testimonial-image-position-aside\">\n\t\t\t\t<div class=\"elementor-testimonial-meta-inner\">\n\t\t\t\t\t\t\t\t\t\t\t<div class=\"elementor-testimonial-image\">\n\t\t\t\t\t\t\t<img fetchpriority=\"high\" decoding=\"async\" width=\"1080\" height=\"1080\" src=\"https:\/\/empresariopro.com.ar\/wp-content\/uploads\/2026\/02\/695d9670a88e875a07cbc546.png\" class=\"attachment-full size-full wp-image-1139\" alt=\"\" srcset=\"https:\/\/empresariopro.com.ar\/wp-content\/uploads\/2026\/02\/695d9670a88e875a07cbc546.png 1080w, https:\/\/empresariopro.com.ar\/wp-content\/uploads\/2026\/02\/695d9670a88e875a07cbc546-300x300.png 300w, https:\/\/empresariopro.com.ar\/wp-content\/uploads\/2026\/02\/695d9670a88e875a07cbc546-1024x1024.png 1024w, https:\/\/empresariopro.com.ar\/wp-content\/uploads\/2026\/02\/695d9670a88e875a07cbc546-150x150.png 150w, https:\/\/empresariopro.com.ar\/wp-content\/uploads\/2026\/02\/695d9670a88e875a07cbc546-768x768.png 768w\" sizes=\"(max-width: 1080px) 100vw, 1080px\" \/>\t\t\t\t\t\t<\/div>\n\t\t\t\t\t\n\t\t\t\t\t\t\t\t\t\t<div class=\"elementor-testimonial-details\">\n\t\t\t\t\t\t\t\t\t\t\t\t\t\t<div class=\"elementor-testimonial-name\">Roberto Hern\u00e1ndez<\/div>\n\t\t\t\t\t\t\t\t\t\t\t\t\t\t\t\t\t\t\t\t\t\t<div class=\"elementor-testimonial-job\">61 a\u00f1os, dolor de cadera<\/div>\n\t\t\t\t\t\t\t\t\t\t\t\t\t<\/div>\n\t\t\t\t\t\t\t\t\t<\/div>\n\t\t\t<\/div>\n\t\t\t\t\t<\/div>\n\t\t\t\t<\/div>\n\t\t\t\t<\/div>\n\t\t\t\t<div class=\"elementor-element elementor-element-0368579 elementor-widget elementor-widget-testimonial\" data-id=\"0368579\" data-element_type=\"widget\" data-widget_type=\"testimonial.default\">\n\t\t\t\t<div class=\"elementor-widget-container\">\n\t\t\t\t\t<div class=\"elementor-testimonial-wrapper\">\n\t\t\t\t\t\t\t<div class=\"elementor-testimonial-content\">\"Me encanta el padel y el tennis y cuando me dijeron que deb\u00eda guardar reposo durante 3 meses me frustr\u00f3 mucho. Fui con el Dr. Rogelio y me dio una soluci\u00f3n m\u00e1s r\u00e1pida y que estaba enfocada en fortalecimiento. Ahora juego sin dolor\"<\/div>\n\t\t\t\n\t\t\t\t\t\t<div class=\"elementor-testimonial-meta elementor-has-image elementor-testimonial-image-position-aside\">\n\t\t\t\t<div class=\"elementor-testimonial-meta-inner\">\n\t\t\t\t\t\t\t\t\t\t\t<div class=\"elementor-testimonial-image\">\n\t\t\t\t\t\t\t<img decoding=\"async\" width=\"1080\" height=\"1080\" src=\"https:\/\/empresariopro.com.ar\/wp-content\/uploads\/2026\/02\/695d97bcb75f6fe4be504c89.png\" class=\"attachment-full size-full wp-image-1153\" alt=\"\" srcset=\"https:\/\/empresariopro.com.ar\/wp-content\/uploads\/2026\/02\/695d97bcb75f6fe4be504c89.png 1080w, https:\/\/empresariopro.com.ar\/wp-content\/uploads\/2026\/02\/695d97bcb75f6fe4be504c89-300x300.png 300w, https:\/\/empresariopro.com.ar\/wp-content\/uploads\/2026\/02\/695d97bcb75f6fe4be504c89-1024x1024.png 1024w, https:\/\/empresariopro.com.ar\/wp-content\/uploads\/2026\/02\/695d97bcb75f6fe4be504c89-150x150.png 150w, https:\/\/empresariopro.com.ar\/wp-content\/uploads\/2026\/02\/695d97bcb75f6fe4be504c89-768x768.png 768w\" sizes=\"(max-width: 1080px) 100vw, 1080px\" \/>\t\t\t\t\t\t<\/div>\n\t\t\t\t\t\n\t\t\t\t\t\t\t\t\t\t<div class=\"elementor-testimonial-details\">\n\t\t\t\t\t\t\t\t\t\t\t\t\t\t<div class=\"elementor-testimonial-name\">Daniel Flores<\/div>\n\t\t\t\t\t\t\t\t\t\t\t\t\t\t\t\t\t\t\t\t\t\t<div class=\"elementor-testimonial-job\">27 a\u00f1os, hombro de tenista<\/div>\n\t\t\t\t\t\t\t\t\t\t\t\t\t<\/div>\n\t\t\t\t\t\t\t\t\t<\/div>\n\t\t\t<\/div>\n\t\t\t\t\t<\/div>\n\t\t\t\t<\/div>\n\t\t\t\t<\/div>\n\t\t\t\t<div class=\"elementor-element elementor-element-5f14feb elementor-widget elementor-widget-testimonial\" data-id=\"5f14feb\" data-element_type=\"widget\" data-widget_type=\"testimonial.default\">\n\t\t\t\t<div class=\"elementor-widget-container\">\n\t\t\t\t\t<div class=\"elementor-testimonial-wrapper\">\n\t\t\t\t\t\t\t<div class=\"elementor-testimonial-content\">\"Soy una persona muy activa y fui a consulta con el Dr. Rogelio por una segunda opini\u00f3n. Al principio me dijeron que deb\u00eda reposar durante 2 meses, pero el Dr. Rogelio me ayud\u00f3 a reposar por menos tiempo y una soluci\u00f3n que inclu\u00eda movimiento. Me ayud\u00f3 en menos tiempo y con mejores resultados\"<\/div>\n\t\t\t\n\t\t\t\t\t\t<div class=\"elementor-testimonial-meta elementor-has-image elementor-testimonial-image-position-aside\">\n\t\t\t\t<div class=\"elementor-testimonial-meta-inner\">\n\t\t\t\t\t\t\t\t\t\t\t<div class=\"elementor-testimonial-image\">\n\t\t\t\t\t\t\t<img decoding=\"async\" width=\"1080\" height=\"1080\" src=\"https:\/\/empresariopro.com.ar\/wp-content\/uploads\/2026\/02\/695d9705a88e871ab0cbdc69.png\" class=\"attachment-full size-full wp-image-1149\" alt=\"\" srcset=\"https:\/\/empresariopro.com.ar\/wp-content\/uploads\/2026\/02\/695d9705a88e871ab0cbdc69.png 1080w, https:\/\/empresariopro.com.ar\/wp-content\/uploads\/2026\/02\/695d9705a88e871ab0cbdc69-300x300.png 300w, https:\/\/empresariopro.com.ar\/wp-content\/uploads\/2026\/02\/695d9705a88e871ab0cbdc69-1024x1024.png 1024w, https:\/\/empresariopro.com.ar\/wp-content\/uploads\/2026\/02\/695d9705a88e871ab0cbdc69-150x150.png 150w, https:\/\/empresariopro.com.ar\/wp-content\/uploads\/2026\/02\/695d9705a88e871ab0cbdc69-768x768.png 768w\" sizes=\"(max-width: 1080px) 100vw, 1080px\" \/>\t\t\t\t\t\t<\/div>\n\t\t\t\t\t\n\t\t\t\t\t\t\t\t\t\t<div class=\"elementor-testimonial-details\">\n\t\t\t\t\t\t\t\t\t\t\t\t\t\t<div class=\"elementor-testimonial-name\">Carlos Barrag\u00e1n<\/div>\n\t\t\t\t\t\t\t\t\t\t\t\t\t\t\t\t\t\t\t\t\t\t<div class=\"elementor-testimonial-job\">29 a\u00f1os, dolor de rodilla por ejercicio<\/div>\n\t\t\t\t\t\t\t\t\t\t\t\t\t<\/div>\n\t\t\t\t\t\t\t\t\t<\/div>\n\t\t\t<\/div>\n\t\t\t\t\t<\/div>\n\t\t\t\t<\/div>\n\t\t\t\t<\/div>\n\t\t\t\t\t<\/div>\n\t\t\t\t<\/div>\n\t\t\t\t\t<\/div>\n\t\t\t\t<\/div>\n\t\t<div class=\"elementor-element elementor-element-7fc6652 e-flex e-con-boxed e-con e-parent\" data-id=\"7fc6652\" data-element_type=\"container\">\n\t\t\t\t\t<div class=\"e-con-inner\">\n\t\t\t\t<div class=\"elementor-element elementor-element-92f66ad elementor-widget elementor-widget-heading\" data-id=\"92f66ad\" data-element_type=\"widget\" data-widget_type=\"heading.default\">\n\t\t\t\t<div class=\"elementor-widget-container\">\n\t\t\t<h2 class=\"elementor-heading-title elementor-size-default\">No importa en que nicho est\u00e9s ni cuanto tiempo tengas de experiencia, este entrenamiento est\u00e1 dise\u00f1ado para ayudarte a ti a liberar m\u00e1s tiempo y generar m\u00e1s ingresos de la forma m\u00e1s r\u00e1pida posible.<\/h2>\t\t<\/div>\n\t\t\t\t<\/div>\n\t\t\t\t\t<\/div>\n\t\t\t\t<\/div>\n\t\t<div class=\"elementor-element elementor-element-0f02bce e-flex e-con-boxed e-con e-parent\" data-id=\"0f02bce\" data-element_type=\"container\" data-settings=\"{&quot;background_background&quot;:&quot;classic&quot;}\">\n\t\t\t\t\t<div class=\"e-con-inner\">\n\t\t\t\t<div class=\"elementor-element elementor-element-72071b9 elementor-widget elementor-widget-text-editor\" data-id=\"72071b9\" data-element_type=\"widget\" data-widget_type=\"text-editor.default\">\n\t\t\t\t<div class=\"elementor-widget-container\">\n\t\t\t\t\t\t\t<p style=\"text-align: center;\"><span style=\"color: #ffffff;\"><a style=\"color: #ffffff;\" href=\"https:\/\/growthmarketer.com.ar\/politica-de-privacidad\/\" target=\"_blank\" rel=\"noopener\">Pol\u00edtica de Privacidad<\/a><\/span> | <span style=\"color: #ffffff;\"><a style=\"color: #ffffff;\" href=\"https:\/\/growthmarketer.com.ar\/aviso-legal\/\" target=\"_blank\" rel=\"noopener\">Aviso Legal<\/a><\/span> | <span style=\"color: #ffffff;\"><a style=\"color: #ffffff;\" href=\"https:\/\/growthmarketer.com.ar\/politica-de-privacidad\/\" target=\"_blank\" rel=\"noopener\">Pol\u00edtica de Cookies<\/a><\/span><\/p>\t\t\t\t\t\t<\/div>\n\t\t\t\t<\/div>\n\t\t\t\t<div class=\"elementor-element elementor-element-a113b50 elementor-widget elementor-widget-text-editor\" data-id=\"a113b50\" data-element_type=\"widget\" data-widget_type=\"text-editor.default\">\n\t\t\t\t<div class=\"elementor-widget-container\">\n\t\t\t\t\t\t\t<p style=\"text-align: center;\"><strong><em>Este sitio no forma parte del sitio web de Facebook Inc, ni de Google Inc. Adem\u00e1s, este sitio no cuenta con el respaldo de Facebook de ninguna manera ni de Google.<\/em><\/strong><\/p>\t\t\t\t\t\t<\/div>\n\t\t\t\t<\/div>\n\t\t\t\t\t<\/div>\n\t\t\t\t<\/div>\n\t\t\t\t<\/div>\n\t\t","protected":false},"excerpt":{"rendered":"<p>Si quieres volver a moverte con confianza y sin limitaciones, este es tu primer paso. https:\/\/youtu.be\/Oa402tqb2X0 En esta consulta tendr\u00e1s: Valoraci\u00f3n profesional de alto nivel (m\u00e1s de 570 personas conf\u00edan en nosotros) Un plan personalizado paso a paso dise\u00f1ado espec\u00edficamente para ti. Seguimiento continuo despu\u00e9s de tu primera cita para asegurar tu progreso. Esta es [&hellip;]<\/p>\n","protected":false},"author":1,"featured_media":0,"parent":0,"menu_order":0,"comment_status":"closed","ping_status":"closed","template":"elementor_canvas","meta":{"footnotes":""},"_links":{"self":[{"href":"https:\/\/empresariopro.com.ar\/consulta-privada\/wp-json\/wp\/v2\/pages\/10"}],"collection":[{"href":"https:\/\/empresariopro.com.ar\/consulta-privada\/wp-json\/wp\/v2\/pages"}],"about":[{"href":"https:\/\/empresariopro.com.ar\/consulta-privada\/wp-json\/wp\/v2\/types\/page"}],"author":[{"embeddable":true,"href":"https:\/\/empresariopro.com.ar\/consulta-privada\/wp-json\/wp\/v2\/users\/1"}],"replies":[{"embeddable":true,"href":"https:\/\/empresariopro.com.ar\/consulta-privada\/wp-json\/wp\/v2\/comments?post=10"}],"version-history":[{"count":415,"href":"https:\/\/empresariopro.com.ar\/consulta-privada\/wp-json\/wp\/v2\/pages\/10\/revisions"}],"predecessor-version":[{"id":1223,"href":"https:\/\/empresariopro.com.ar\/consulta-privada\/wp-json\/wp\/v2\/pages\/10\/revisions\/1223"}],"wp:attachment":[{"href":"https:\/\/empresariopro.com.ar\/consulta-privada\/wp-json\/wp\/v2\/media?parent=10"}],"curies":[{"name":"wp","href":"https:\/\/api.w.org\/{rel}","templated":true}]}}